{"id":84,"date":"2013-07-13T21:49:39","date_gmt":"2013-07-13T21:49:39","guid":{"rendered":"http:\/\/hjartdalhistorielag.no\/wp\/?page_id=84"},"modified":"2025-08-05T10:21:45","modified_gmt":"2025-08-05T08:21:45","slug":"emigrasjonshistorie","status":"publish","type":"page","link":"https:\/\/hjartdalhistorielag.no\/?page_id=84","title":{"rendered":"Emigrasjonshistorie"},"content":{"rendered":"<ul>\n<li><a title=\"Den tidlege utvandringa fr\u00e5 Aust-Telemark til USA\" href=\"https:\/\/hjartdalhistorielag.no\/wp\/?page_id=88\">Den tidligste utvandringa fra Hjartdal\/Aust-Telemark<\/a><\/li>\n<li><a title=\"Emigrantlister Jensen\/Mostue\" href=\"https:\/\/hjartdalhistorielag.no\/innhold2\/fafebs.pdf\">&laquo;&#8230;for at finde en blidere Skjebne&raquo;<\/a><\/li>\n<li><a href=\"https:\/\/hjartdalhistorielag.no\/innhold2\/wmh.pdf\">&laquo;Wisconsin my Home&raquo;<\/a><\/li>\n<li><a href=\"https:\/\/hjartdalhistorielag.no\/innhold2\/ole_andrewson.pdf\">Ole Andrewson: Pionerprest fr\u00e5 Sauland<\/a><\/li>\n<li><a href=\"https:\/\/hjartdalhistorielag.no\/innhold2\/gunhild_o.pdf\">Ei tuddaljente var f\u00f8rste emigrant fr\u00e5 austlandet<\/a><\/li>\n<li><a href=\"https:\/\/hjartdalhistorielag.no\/innhold2\/grandmas_story.pdf\">Grandma&#8217;s Story &#8211; Ei hjartdalkvinnes livshistorie (Engelsk)\u00a0<\/a><\/li>\n<li><a href=\"https:\/\/hjartdalhistorielag.no\/emigr\/emigr-sauland.htm\" target=\"_blank\" rel=\"noopener\">Emigrantlister fr\u00e5\u00a0<em>Hjartdalsoga<\/em><\/a><\/li>\n<li><a href=\"https:\/\/hjartdalhistorielag.no\/emigr\/jensenmostue.htm\" target=\"_blank\" rel=\"noopener\">Emigrantlister fr\u00e5\u00a0<em>&#8230;for at finde en blidere Skjebne<\/em><\/a><\/li>\n<\/ul>\n<p>Sammen med folk fra Tinn og Numedalsbygdene var det Hjartd\u00f8ler som f\u00f8rst emigrerte i stort antall til USA fra innlandsbygdene i Norge.<\/p>\n<p>Utvandringa m\u00e5 ha v\u00e6rt den st\u00f8rste omveltninga i Hjartdalsbygdenes historie. Opp mot 2000 mennesker kan ha utvandra fra disse bygdene. Det er mer enn folketallet i dag (ca.1700).<\/p>\n<p>Den f\u00f8rste emigranten reiste fra Tuddal alt i 1838. Og et stort antall dro \u00e5ret etter. De slo seg f\u00f8rst og fremst ned i Muskego-settlementet utenfor Milwaukee i Wisconsin. Her blei grunnlaget lagt for videre settling vestover og nordover i Wisconsin og videre til Minnesota og Dakotaterritoriet.\u00a0I Muskego t\u00f8mra Halvor Nelson Lonar den f\u00f8rste norske kirka i USA i 1844. Kirka er n\u00e5 plassert i en park p\u00e5 Luther Seminary i St.Paul, Minnesota, og er et av de viktigste minnesmerkene over den tidligste utvandringa fra Norge.<\/p>\n<p>Vil du vite mer, m\u00e5 du bruke linkene. Start med <a title=\"Den tidlege utvandringa fr\u00e5 Aust-Telemark til USA\" href=\"https:\/\/hjartdalhistorielag.no\/wp\/?page_id=88\">artikkelen om den tidligste utvandringa<\/a> fra \u00d8st-Telemark.<\/p>\n<p>Ellers kan du lese boka &laquo;&#8230;for at finde en blidere Skjebne&raquo; av Anne Haugen Wagn og Leif Skoje. Hele teksten ligger her.<\/p>\n<p>Boka &laquo;Wisconsin my Home&raquo; av Erna Oleson Xan, er ei stor skildring av utvandring fra Hjartdal og livet i USA. Noe av boka er tilgjengelig p\u00e5 norsk her.<\/p>\n<p>Nyere opplysninger viser at <a title=\"Gunhild fra Tuddal \u2013 Telemarks \u2013 og \u00f8stlandets \u2013 f\u00f8rste emigrant.\" href=\"https:\/\/hjartdalhistorielag.no\/innhold2\/gunhild_o.pdf\">ei Tuddalsjente reiste mye tidligere<\/a>, da hun etter \u00e5 ha flyttet til vestlandet kom med i kretsen rundt folket fra &laquo;Restauration&raquo; og utvandret i 1831 &#8211; trolig som f\u00f8rste emigrant fra \u00f8stlandet.<\/p>\n<p><a title=\"OA\" href=\"https:\/\/hjartdalhistorielag.no\/innhold2\/ole_andrewson.pdf\">Presten Ole Andrewson<\/a> som var f\u00f8dt p\u00e5 \u00c5sen i B\u00f8e-grenda i Sauland, blei en kjent prest, sentral i kirkedebatten i det norske Amerika.<\/p>\n","protected":false},"excerpt":{"rendered":"<p>Den tidligste utvandringa fra Hjartdal\/Aust-Telemark &laquo;&#8230;for at finde en blidere Skjebne&raquo; &laquo;Wisconsin my Home&raquo; Ole Andrewson: Pionerprest fr\u00e5 Sauland Ei tuddaljente var f\u00f8rste emigrant fr\u00e5 austlandet Grandma&#8217;s Story &#8211; Ei hjartdalkvinnes livshistorie (Engelsk)\u00a0 Emigrantlister fr\u00e5\u00a0Hjartdalsoga Emigrantlister fr\u00e5\u00a0&#8230;for at finde en blidere Skjebne Sammen med folk fra Tinn og Numedalsbygdene var det Hjartd\u00f8ler som f\u00f8rst emigrerte &hellip; <a href=\"https:\/\/hjartdalhistorielag.no\/?page_id=84\" class=\"more-link\">Fortsett \u00e5 lese <span class=\"screen-reader-text\">Emigrasjonshistorie<\/span> <span class=\"meta-nav\">&rarr;<\/span><\/a><\/p>\n","protected":false},"author":1,"featured_media":0,"parent":0,"menu_order":0,"comment_status":"closed","ping_status":"open","template":"","meta":{"footnotes":""},"class_list":["post-84","page","type-page","status-publish","hentry"],"_links":{"self":[{"href":"https:\/\/hjartdalhistorielag.no\/index.php?rest_route=\/wp\/v2\/pages\/84","targetHints":{"allow":["GET"]}}],"collection":[{"href":"https:\/\/hjartdalhistorielag.no\/index.php?rest_route=\/wp\/v2\/pages"}],"about":[{"href":"https:\/\/hjartdalhistorielag.no\/index.php?rest_route=\/wp\/v2\/types\/page"}],"author":[{"embeddable":true,"href":"https:\/\/hjartdalhistorielag.no\/index.php?rest_route=\/wp\/v2\/users\/1"}],"replies":[{"embeddable":true,"href":"https:\/\/hjartdalhistorielag.no\/index.php?rest_route=%2Fwp%2Fv2%2Fcomments&post=84"}],"version-history":[{"count":28,"href":"https:\/\/hjartdalhistorielag.no\/index.php?rest_route=\/wp\/v2\/pages\/84\/revisions"}],"predecessor-version":[{"id":1413,"href":"https:\/\/hjartdalhistorielag.no\/index.php?rest_route=\/wp\/v2\/pages\/84\/revisions\/1413"}],"wp:attachment":[{"href":"https:\/\/hjartdalhistorielag.no\/index.php?rest_route=%2Fwp%2Fv2%2Fmedia&parent=84"}],"curies":[{"name":"wp","href":"https:\/\/api.w.org\/{rel}","templated":true}]}}