{"id":714,"date":"2014-06-12T19:47:11","date_gmt":"2014-06-12T17:47:11","guid":{"rendered":"http:\/\/hjartdalhistorielag.no\/?page_id=714"},"modified":"2025-07-09T20:09:17","modified_gmt":"2025-07-09T18:09:17","slug":"arkivsamling","status":"publish","type":"page","link":"https:\/\/hjartdalhistorielag.no\/?page_id=714","title":{"rendered":"Arkiv\/samling"},"content":{"rendered":"<p>Fr\u00e5 f\u00f8rste stund har Hjartdal historielag arbeidd med \u00e5 ta vare p\u00e5 verdifullt kjeldestoff til hjartdalbygdenes historie. Vi har ogs\u00e5 f\u00e5tt tak i det meste av trykt lokal litteratur. I tillegg har vi skaffa ein del historieb\u00f8ker fr\u00e5 resten av landet og verda.<\/p>\n<p>Her er f\u00f8rebels ei<br \/>\n<a href=\"https:\/\/hjartdalhistorielag.no\/2025\/_boksamling_20250620.pdf\">liste over b\u00f8ker<\/a> vi har i samlinga<br \/>\nog ein oversikt over<br \/>\n<a href=\"https:\/\/hjartdalhistorielag.no\/2024\/kassettetikettar_20231027.pdf\">arkivboksar<\/a> der anna innhald er \u00e5 finne.<\/p>\n<p>Filene er i vanleg pdf-format, s\u00e5 du kan s\u00f8ke i fritekst utfr\u00e5 kva datautstyr du bruker.<br \/>\nOm noko st\u00e5r med raudt, betyr det at b\u00f8kene er sakna for tida.<\/p>\n<p>&nbsp;<\/p>\n","protected":false},"excerpt":{"rendered":"<p>Fr\u00e5 f\u00f8rste stund har Hjartdal historielag arbeidd med \u00e5 ta vare p\u00e5 verdifullt kjeldestoff til hjartdalbygdenes historie. Vi har ogs\u00e5 f\u00e5tt tak i det meste av trykt lokal litteratur. I tillegg har vi skaffa ein del historieb\u00f8ker fr\u00e5 resten av landet og verda. Her er f\u00f8rebels ei liste over b\u00f8ker vi har i samlinga og &hellip; <a href=\"https:\/\/hjartdalhistorielag.no\/?page_id=714\" class=\"more-link\">Fortsett \u00e5 lese <span class=\"screen-reader-text\">Arkiv\/samling<\/span> <span class=\"meta-nav\">&rarr;<\/span><\/a><\/p>\n","protected":false},"author":1,"featured_media":0,"parent":708,"menu_order":0,"comment_status":"closed","ping_status":"open","template":"","meta":{"footnotes":""},"class_list":["post-714","page","type-page","status-publish","hentry"],"_links":{"self":[{"href":"https:\/\/hjartdalhistorielag.no\/index.php?rest_route=\/wp\/v2\/pages\/714","targetHints":{"allow":["GET"]}}],"collection":[{"href":"https:\/\/hjartdalhistorielag.no\/index.php?rest_route=\/wp\/v2\/pages"}],"about":[{"href":"https:\/\/hjartdalhistorielag.no\/index.php?rest_route=\/wp\/v2\/types\/page"}],"author":[{"embeddable":true,"href":"https:\/\/hjartdalhistorielag.no\/index.php?rest_route=\/wp\/v2\/users\/1"}],"replies":[{"embeddable":true,"href":"https:\/\/hjartdalhistorielag.no\/index.php?rest_route=%2Fwp%2Fv2%2Fcomments&post=714"}],"version-history":[{"count":11,"href":"https:\/\/hjartdalhistorielag.no\/index.php?rest_route=\/wp\/v2\/pages\/714\/revisions"}],"predecessor-version":[{"id":1404,"href":"https:\/\/hjartdalhistorielag.no\/index.php?rest_route=\/wp\/v2\/pages\/714\/revisions\/1404"}],"up":[{"embeddable":true,"href":"https:\/\/hjartdalhistorielag.no\/index.php?rest_route=\/wp\/v2\/pages\/708"}],"wp:attachment":[{"href":"https:\/\/hjartdalhistorielag.no\/index.php?rest_route=%2Fwp%2Fv2%2Fmedia&parent=714"}],"curies":[{"name":"wp","href":"https:\/\/api.w.org\/{rel}","templated":true}]}}