{"id":711,"date":"2014-06-12T19:34:52","date_gmt":"2014-06-12T17:34:52","guid":{"rendered":"http:\/\/hjartdalhistorielag.no\/?page_id=711"},"modified":"2023-11-10T13:28:14","modified_gmt":"2023-11-10T12:28:14","slug":"buplassar","status":"publish","type":"page","link":"https:\/\/hjartdalhistorielag.no\/?page_id=711","title":{"rendered":"Husmannsplassar"},"content":{"rendered":"<p>Mange husmannsplassar og andre mindre buplassar i bygdene er i ferd med \u00e5 bli borte for godt. Mange stader er det bare rester etter murar \u00e5 sj\u00e5 &#8211; og andre stader\u00a0ikkje det eingong.<\/p>\n<p>Derfor har HHL gjort ein stor innsats for at kunnskapen om desse plassane skal bli tatt vare p\u00e5.<\/p>\n<p>Arbeidet har vore\u00a0 \u00e5 leite opp plassane, ta bilde av restane, og \u00e5 registrere n\u00f8yaktig plassering ved hjelp av GPS.<\/p>\n<p>Resultatet er <a href=\"https:\/\/hjartdalhistorielag.no\/2023\/husm_bok_pr.jpg\">3 omfattande b\u00f8ker<\/a> som presenterer n\u00e6r opp mot alle plassar som er registrerte i kjelder.<\/p>\n<p>B\u00f8kene kan skaffast hos historielaget.<\/p>\n<p><a href=\"https:\/\/hjartdalhistorielag.no\/wp\/wp-content\/uploads\/2023\/11\/husm_bok_pr.jpg\"><img loading=\"lazy\" decoding=\"async\" class=\"alignnone size-medium wp-image-1321\" src=\"https:\/\/hjartdalhistorielag.no\/wp\/wp-content\/uploads\/2023\/11\/husm_bok_pr-194x300.jpg\" alt=\"\" width=\"194\" height=\"300\" srcset=\"https:\/\/hjartdalhistorielag.no\/wp\/wp-content\/uploads\/2023\/11\/husm_bok_pr-194x300.jpg 194w, https:\/\/hjartdalhistorielag.no\/wp\/wp-content\/uploads\/2023\/11\/husm_bok_pr-662x1024.jpg 662w, https:\/\/hjartdalhistorielag.no\/wp\/wp-content\/uploads\/2023\/11\/husm_bok_pr.jpg 721w\" sizes=\"auto, (max-width: 194px) 100vw, 194px\" \/><\/a><\/p>\n<p>&nbsp;<\/p>\n","protected":false},"excerpt":{"rendered":"<p>Mange husmannsplassar og andre mindre buplassar i bygdene er i ferd med \u00e5 bli borte for godt. Mange stader er det bare rester etter murar \u00e5 sj\u00e5 &#8211; og andre stader\u00a0ikkje det eingong. Derfor har HHL gjort ein stor innsats for at kunnskapen om desse plassane skal bli tatt vare p\u00e5. Arbeidet har vore\u00a0 \u00e5 &hellip; <a href=\"https:\/\/hjartdalhistorielag.no\/?page_id=711\" class=\"more-link\">Fortsett \u00e5 lese <span class=\"screen-reader-text\">Husmannsplassar<\/span> <span class=\"meta-nav\">&rarr;<\/span><\/a><\/p>\n","protected":false},"author":1,"featured_media":0,"parent":708,"menu_order":0,"comment_status":"closed","ping_status":"closed","template":"","meta":{"footnotes":""},"class_list":["post-711","page","type-page","status-publish","hentry"],"_links":{"self":[{"href":"https:\/\/hjartdalhistorielag.no\/index.php?rest_route=\/wp\/v2\/pages\/711","targetHints":{"allow":["GET"]}}],"collection":[{"href":"https:\/\/hjartdalhistorielag.no\/index.php?rest_route=\/wp\/v2\/pages"}],"about":[{"href":"https:\/\/hjartdalhistorielag.no\/index.php?rest_route=\/wp\/v2\/types\/page"}],"author":[{"embeddable":true,"href":"https:\/\/hjartdalhistorielag.no\/index.php?rest_route=\/wp\/v2\/users\/1"}],"replies":[{"embeddable":true,"href":"https:\/\/hjartdalhistorielag.no\/index.php?rest_route=%2Fwp%2Fv2%2Fcomments&post=711"}],"version-history":[{"count":9,"href":"https:\/\/hjartdalhistorielag.no\/index.php?rest_route=\/wp\/v2\/pages\/711\/revisions"}],"predecessor-version":[{"id":1355,"href":"https:\/\/hjartdalhistorielag.no\/index.php?rest_route=\/wp\/v2\/pages\/711\/revisions\/1355"}],"up":[{"embeddable":true,"href":"https:\/\/hjartdalhistorielag.no\/index.php?rest_route=\/wp\/v2\/pages\/708"}],"wp:attachment":[{"href":"https:\/\/hjartdalhistorielag.no\/index.php?rest_route=%2Fwp%2Fv2%2Fmedia&parent=711"}],"curies":[{"name":"wp","href":"https:\/\/api.w.org\/{rel}","templated":true}]}}