{"id":522,"date":"2014-03-06T13:31:04","date_gmt":"2014-03-06T12:31:04","guid":{"rendered":"http:\/\/hjartdalhistorielag.no\/wp\/?page_id=522"},"modified":"2014-03-10T11:35:33","modified_gmt":"2014-03-10T10:35:33","slug":"slettefjellvegen","status":"publish","type":"page","link":"https:\/\/hjartdalhistorielag.no\/?page_id=522","title":{"rendered":"Slettefjellvegen"},"content":{"rendered":"<p>Slettefjellvegen<b> <\/b>er ein del av den gamle stulsvegen som gjekk fr\u00e5 Fossegrenda i Sauland til\u00a0 stulsomr\u00e5det Mjellefet\/Sl\u00e5kja i Sl\u00e5k\u00e5dalen. Slettefjellvegen er om lag siste 2\/3 av denne strekningen.<\/p>\n<p>Den er merka, og startar fr\u00e5 skogsbilvegen (Himingvegen) ca 200 m fr\u00e5 stulsgrenda Kringlemyr i retning Sauland. Herifr\u00e5 gjeng vegen forbi Listulen, opp det lange Sauarsk\u00e5tet, og vidare mot vest innunder Himing og Slettefjell. Fin utsikt mot Sl\u00e5k\u00e5dalen og Heksfjell i nord, og mot Sl\u00e5k\u00e5nuten og M\u00e6lefjell i nord-vest.<\/p>\n<p>Etter Sauarsk\u00e5tet stig vegen gradvis fr\u00e5 ca 500 til 700 m. fram mot Mjellefethaugen. Her gjeng den merka vegen ca 1 km. ned til stulane ved Mjellefet, mens ein umerka og delvis attgrodd sti gjeng vidare mot s\u00f8r-vest inn til stulane lenger inn i Lifjell.<\/p>\n<p>Ved Mjellefet kjem ein inn p\u00e5 bilvegen mot Sl\u00e5kja, men den gamle stien vidare til Sl\u00e5k\u00e5stulen er ogs\u00e5 her merka parallelt med bilvegen . Normal gangtid er rundt 4 timar til Mjellefet, og ein god halvtime ekstra heilt til Sl\u00e5kja.<\/p>\n<p>Vegen er lagt inn p\u00e5 <a title=\"Andre publikasjonar fr\u00e5 HHL\" href=\"https:\/\/hjartdalhistorielag.no\/wp\/?page_id=246\">Turkart Sauland<\/a>.<\/p>\n<p>Vi les i \u00e5rsmelding for 2010:<\/p>\n<p style=\"padding-left: 30px;\">Dei siste par \u00e5ra har ei gruppe innan laget rydda og merka gamle ferdselsvegar, i hovudsak i Sauland. Siste \u00e5ret har det ikkje vore nokon nye prosjekt, men me har g\u00e5tt over og \u201dfinpussa\u201d det som tidlegare er gjort.<\/p>\n<p style=\"padding-left: 30px;\">18.august arrangerte me ein fellestur p\u00e5 ein av desse stiane: Den gamle stulsvegen langs med Slettefjell til Sl\u00e5kja. Flaumskade p\u00e5 bilvegen, som me m\u00e5tte ha transport p\u00e5 tilbake, bidrog til at berre 16-18 per- sonar stilte opp, men dei som blei med, fekk i alle fall ein fin tur. \u00a0P\u00e5 dette feltet har me felles interesser med Notodden turlag b\u00e5de om rydding og arrangering av turar. Den same rydningsgruppa har derfor tatt ein uformell kontakt med Notodden turlag for \u00e5 kunne f\u00e5 til eit samarbeid. Det er m\u00f8tt med velvilje ogs\u00e5 fr\u00e5 turlaget<\/p>\n<p>&nbsp;<\/p>\n","protected":false},"excerpt":{"rendered":"<p>Slettefjellvegen er ein del av den gamle stulsvegen som gjekk fr\u00e5 Fossegrenda i Sauland til\u00a0 stulsomr\u00e5det Mjellefet\/Sl\u00e5kja i Sl\u00e5k\u00e5dalen. Slettefjellvegen er om lag siste 2\/3 av denne strekningen. Den er merka, og startar fr\u00e5 skogsbilvegen (Himingvegen) ca 200 m fr\u00e5 stulsgrenda Kringlemyr i retning Sauland. Herifr\u00e5 gjeng vegen forbi Listulen, opp det lange Sauarsk\u00e5tet, og &hellip; <a href=\"https:\/\/hjartdalhistorielag.no\/?page_id=522\" class=\"more-link\">Fortsett \u00e5 lese <span class=\"screen-reader-text\">Slettefjellvegen<\/span> <span class=\"meta-nav\">&rarr;<\/span><\/a><\/p>\n","protected":false},"author":1,"featured_media":0,"parent":10,"menu_order":0,"comment_status":"closed","ping_status":"closed","template":"","meta":{"footnotes":""},"class_list":["post-522","page","type-page","status-publish","hentry"],"_links":{"self":[{"href":"https:\/\/hjartdalhistorielag.no\/index.php?rest_route=\/wp\/v2\/pages\/522","targetHints":{"allow":["GET"]}}],"collection":[{"href":"https:\/\/hjartdalhistorielag.no\/index.php?rest_route=\/wp\/v2\/pages"}],"about":[{"href":"https:\/\/hjartdalhistorielag.no\/index.php?rest_route=\/wp\/v2\/types\/page"}],"author":[{"embeddable":true,"href":"https:\/\/hjartdalhistorielag.no\/index.php?rest_route=\/wp\/v2\/users\/1"}],"replies":[{"embeddable":true,"href":"https:\/\/hjartdalhistorielag.no\/index.php?rest_route=%2Fwp%2Fv2%2Fcomments&post=522"}],"version-history":[{"count":6,"href":"https:\/\/hjartdalhistorielag.no\/index.php?rest_route=\/wp\/v2\/pages\/522\/revisions"}],"predecessor-version":[{"id":540,"href":"https:\/\/hjartdalhistorielag.no\/index.php?rest_route=\/wp\/v2\/pages\/522\/revisions\/540"}],"up":[{"embeddable":true,"href":"https:\/\/hjartdalhistorielag.no\/index.php?rest_route=\/wp\/v2\/pages\/10"}],"wp:attachment":[{"href":"https:\/\/hjartdalhistorielag.no\/index.php?rest_route=%2Fwp%2Fv2%2Fmedia&parent=522"}],"curies":[{"name":"wp","href":"https:\/\/api.w.org\/{rel}","templated":true}]}}