{"id":44,"date":"2013-07-13T09:01:11","date_gmt":"2013-07-13T09:01:11","guid":{"rendered":"http:\/\/hjartdalhistorielag.no\/wp\/?page_id=44"},"modified":"2014-10-30T22:51:05","modified_gmt":"2014-10-30T21:51:05","slug":"prestevegen","status":"publish","type":"page","link":"https:\/\/hjartdalhistorielag.no\/?page_id=44","title":{"rendered":"Prestevegen"},"content":{"rendered":"<p><span style=\"font-size: 13px;\">Etter tradisjonen har soknepresten p\u00e5 sommarstid brukt denne ferdselsvegen n\u00e5r han tredje kvar s\u00f8ndag skulle til Tuddal for \u00e5 halde messe. Turen gjekk f\u00f8re seg p\u00e5 hesteryggen, men truleg har nok presten brukt apostlane sine hestar mange stader.<\/span><\/p>\n<p>Prestegarden l\u00e5g tidlegare i Hjartdal, som var hovudsoknet. Turen til Tuddal starta gjerne dagen f\u00f8r, med overnatting i ei enkel jordhytte ein stad langs vegen, kanskje i n\u00e6rleiken av Tverrbekk eller H\u00e5n\u00e5dalsvatnet.<\/p>\n<p>Prestevegen er ein turveg i fjell- og skogsterreng, f\u00f8rebels mellom Fellessetra i Hjartdal og Hogstul i Tuddal. Du treng mellom 6 og 8 timar p\u00e5 heile turen.<\/p>\n<p>Langs vegen er det fleire fine teltplassar &#8211; til d\u00f8mes p\u00e5 Skimyr. Vegen er godt merka med brikker med ein P, dessutan har vi sett opp omlag 20 namneskilt langs ruta. Omlag midtvegs har vi sett opp ei &laquo;postkasse&raquo; med ei bok der du kan skrive namn og dato for turen. Boka blir henta inn kvar haust, og er du heldig, kan du bli med p\u00e5 trekning av ein mindre gevinst.<\/p>\n<p>Det finst mange opplysningar om busetjing i fjellomr\u00e5det i Hjartdal og Tuddal sokn, mellom anna kan du lese i M.B.Landstad &#8211; &laquo;Gamle sagn om Hjartd\u00f8lene&raquo; (ny utg. v. Hjartdal Museumslag 1985 ), og &laquo;Med lokk og lur&raquo; &#8211; stulshistorikk fra Hjartdalsfjella ved Trygve Nes 1991. Og sj\u00f8lvsagt i Hjartdalsoga.<\/p>\n<p>Utstyr du b\u00f8r ha med deg:<\/p>\n<p>-Gummist\u00f8vlar<br \/>\n-Vindtett t\u00f8y<br \/>\n-Regndress<\/p>\n<p>Ein og annan bekk m\u00e5 passerast p\u00e5 turen<\/p>\n<p>Normalt vil du klare turen p\u00e5 6-8 timar, men det er fine stader for overnatting undervegs. Drikkevatn er det overalt langs vegen, av topp kvalitet. Terrenget er kupert, og stien, som er rydda for st\u00f8rre hindringar, g\u00e5r p\u00e5 variert underlag &#8211; skogsbotn, myr og steingrunn. Det er mange gode utsiktspunkt langs vegen, men du b\u00f8r ta turen om Lislefjell, der du i godt v\u00e9r kan sj\u00e5 heilt til Tinnegrend og Tunga G\u00e5rd i S\u00f8r-Aust.<\/p>\n<p>Vi vil gje ut ei meir omfattande brosjyre seinare, der du kan finne opplysningar om vegetasjon, geologi, historiske fakta m.m.<\/p>\n<h2>Viktige namn langs Prestevegen:<\/h2>\n<p>Startpunkt: Fellesetra, Hjartdal<\/p>\n<p>Gjuvsmoen<br \/>\nTrafikknutepunkt i gammal tid -vegkryss for mange ferdselsvegar i samband med stulsdrifta. Vidare langs vegen, ved Damtj\u00f8nn &#8211; utsyn mot Gaustatoppen i nordaust.<\/p>\n<p>Sluta<br \/>\nStor myr p\u00e5 v. side, tidlegare brukt som omlastingsplass for t\u00f8mmerlass fra fjellet.<\/p>\n<p>L\u00f8kjestul<br \/>\nGammal stule<\/p>\n<p>Handlinghaugen<br \/>\nI f\u00f8lge Olav Juv m\u00f8ttest Tudd\u00f8lar og Hjartd\u00f8lar her for \u00e5 handle med kr\u00f8tter og hestar kvar haust. Haugen eller kollen er synleg p\u00e5 god avstand.<\/p>\n<p>Vatnardammen<br \/>\nBygd i perioden 1955 &#8211; 60, i samband med kraftutbygginga i Hjartdal.<\/p>\n<p>Lislefjell<br \/>\nLiten avstikkar fra ruta, flott utsyn over Breidvatn og Hjartdalsfjella i Vest og Nord, Lifjellmassivet i Aust. I god sikt ser du heilt til Tinnegrend ved Notodden.<\/p>\n<p>Stavsro<br \/>\nSti fra Breidvatn og Sk\u00e5rset m\u00f8test her. Fin leirplass. Avstand &#8211; omlag 1\/3 av vegen fra Fellesetra. Fra Stavetj\u00f8nn kan du g\u00e5 stigen ned til Sk\u00e5rset, der det er bilveg til Skorve bru i Sauland.<\/p>\n<p>Sveinungshovden<br \/>\nStule<\/p>\n<p>Skimyr<br \/>\nFast busetjing i 19. \u00e5rhundre. Seinare stule<br \/>\nVegen g\u00e5r ned til Skimyrvatnet. Avstanden\u00a0 Fellesetra &#8211; Skimyr tilsvarar omlag 2\/3 av heile turen.<\/p>\n<p>Prestesteinen<br \/>\nEtter tradisjonen skal presten ha brukt denne steinen som kvileplass.<\/p>\n<p>Hogstul<br \/>\nHytteutleige, parkering.<\/p>\n","protected":false},"excerpt":{"rendered":"<p>Etter tradisjonen har soknepresten p\u00e5 sommarstid brukt denne ferdselsvegen n\u00e5r han tredje kvar s\u00f8ndag skulle til Tuddal for \u00e5 halde messe. Turen gjekk f\u00f8re seg p\u00e5 hesteryggen, men truleg har nok presten brukt apostlane sine hestar mange stader. Prestegarden l\u00e5g tidlegare i Hjartdal, som var hovudsoknet. Turen til Tuddal starta gjerne dagen f\u00f8r, med overnatting &hellip; <a href=\"https:\/\/hjartdalhistorielag.no\/?page_id=44\" class=\"more-link\">Fortsett \u00e5 lese <span class=\"screen-reader-text\">Prestevegen<\/span> <span class=\"meta-nav\">&rarr;<\/span><\/a><\/p>\n","protected":false},"author":1,"featured_media":0,"parent":10,"menu_order":0,"comment_status":"closed","ping_status":"closed","template":"","meta":{"footnotes":""},"class_list":["post-44","page","type-page","status-publish","hentry"],"_links":{"self":[{"href":"https:\/\/hjartdalhistorielag.no\/index.php?rest_route=\/wp\/v2\/pages\/44","targetHints":{"allow":["GET"]}}],"collection":[{"href":"https:\/\/hjartdalhistorielag.no\/index.php?rest_route=\/wp\/v2\/pages"}],"about":[{"href":"https:\/\/hjartdalhistorielag.no\/index.php?rest_route=\/wp\/v2\/types\/page"}],"author":[{"embeddable":true,"href":"https:\/\/hjartdalhistorielag.no\/index.php?rest_route=\/wp\/v2\/users\/1"}],"replies":[{"embeddable":true,"href":"https:\/\/hjartdalhistorielag.no\/index.php?rest_route=%2Fwp%2Fv2%2Fcomments&post=44"}],"version-history":[{"count":10,"href":"https:\/\/hjartdalhistorielag.no\/index.php?rest_route=\/wp\/v2\/pages\/44\/revisions"}],"predecessor-version":[{"id":737,"href":"https:\/\/hjartdalhistorielag.no\/index.php?rest_route=\/wp\/v2\/pages\/44\/revisions\/737"}],"up":[{"embeddable":true,"href":"https:\/\/hjartdalhistorielag.no\/index.php?rest_route=\/wp\/v2\/pages\/10"}],"wp:attachment":[{"href":"https:\/\/hjartdalhistorielag.no\/index.php?rest_route=%2Fwp%2Fv2%2Fmedia&parent=44"}],"curies":[{"name":"wp","href":"https:\/\/api.w.org\/{rel}","templated":true}]}}