{"id":4,"date":"2013-07-10T16:05:57","date_gmt":"2013-07-10T16:05:57","guid":{"rendered":"http:\/\/hjartdalhistorielag.no\/wp\/?page_id=4"},"modified":"2023-11-06T19:29:47","modified_gmt":"2023-11-06T18:29:47","slug":"innhaldinnhaldinnhaldinnhaldinnhald","status":"publish","type":"page","link":"https:\/\/hjartdalhistorielag.no\/?page_id=4","title":{"rendered":"Lesestoff"},"content":{"rendered":"<p><a style=\"font-family: sans-serif; font-size: medium; font-style: normal;\" href=\"https:\/\/hjartdalhistorielag.no\/innhold1\/knud_gislesen.pdf\">Knud Gislesen (1801-1860) L\u00e6raren og presten fr\u00e5 Hjartdal<\/a><br \/>\n<a style=\"font-family: sans-serif; font-size: medium; font-style: normal;\" href=\"https:\/\/hjartdalhistorielag.no\/innhold1\/bondeopproer.pdf\">Bondeoppr\u00f8ret 1540<\/a><br \/>\n<a style=\"font-family: sans-serif; font-size: medium; font-style: normal;\" href=\"https:\/\/hjartdalhistorielag.no\/innhold1\/arven1996-06_tuddal_kyrkje.pdf\">Tuddal kyrkje 200 \u00e5r (&laquo;Arven&raquo; 6-1996)<\/a><br \/>\n<a style=\"font-family: sans-serif; font-size: medium; font-style: normal;\" href=\"https:\/\/hjartdalhistorielag.no\/innhold1\/arven2009-5-sauland_kyrkje.pdf\">Sauland kyrkje 150 \u00e5r (&laquo;Arven&raquo; 5-2009)<\/a><br \/>\n<a style=\"font-family: sans-serif; font-size: medium; font-style: normal;\" href=\"https:\/\/hjartdalhistorielag.no\/innhold1\/arven2012-2-hjartdal_kyrkje.pdf\">Hjartdal kyrkje 200 \u00e5r (&laquo;Arven&raquo; 12-2012)<\/a><\/p>\n<p><span style=\"font-family: Georgia, 'Times New Roman', serif; font-size: 20px; line-height: 28px;\">I tillegg kan du finne mykje meir under:<\/span><\/p>\n<ul>\n<li><a title=\"Emigrasjonshistorie\" href=\"https:\/\/hjartdalhistorielag.no\/wp\/?page_id=84\">Emigrasjonshistorie<\/a> &#8211; stoff om utvandringa fr\u00e5 hjartdalsbygdene<\/li>\n<li><a title=\"Kontaktbladet\" href=\"https:\/\/hjartdalhistorielag.no\/wp\/?page_id=146\">Publikasjonar &#8211; Kontaktbladet<\/a> er det mykje artikkelstoff, men du m\u00e5 leite litt.<\/li>\n<li><a title=\"\u00c5rb\u00f8ker\" href=\"https:\/\/hjartdalhistorielag.no\/wp\/?page_id=237\">Publikasjonar &#8211; \u00a0\u00c5rb\u00f8ker<\/a> finn du etterkvart heile artiklar som smakspr\u00f8ver fr\u00e5 \u00e5rb\u00f8kene<\/li>\n<\/ul>\n","protected":false},"excerpt":{"rendered":"<p>Knud Gislesen (1801-1860) L\u00e6raren og presten fr\u00e5 Hjartdal Bondeoppr\u00f8ret 1540 Tuddal kyrkje 200 \u00e5r (&laquo;Arven&raquo; 6-1996) Sauland kyrkje 150 \u00e5r (&laquo;Arven&raquo; 5-2009) Hjartdal kyrkje 200 \u00e5r (&laquo;Arven&raquo; 12-2012) I tillegg kan du finne mykje meir under: Emigrasjonshistorie &#8211; stoff om utvandringa fr\u00e5 hjartdalsbygdene Publikasjonar &#8211; Kontaktbladet er det mykje artikkelstoff, men du m\u00e5 leite litt. &hellip; <a href=\"https:\/\/hjartdalhistorielag.no\/?page_id=4\" class=\"more-link\">Fortsett \u00e5 lese <span class=\"screen-reader-text\">Lesestoff<\/span> <span class=\"meta-nav\">&rarr;<\/span><\/a><\/p>\n","protected":false},"author":1,"featured_media":0,"parent":0,"menu_order":0,"comment_status":"closed","ping_status":"open","template":"","meta":{"footnotes":""},"class_list":["post-4","page","type-page","status-publish","hentry"],"_links":{"self":[{"href":"https:\/\/hjartdalhistorielag.no\/index.php?rest_route=\/wp\/v2\/pages\/4","targetHints":{"allow":["GET"]}}],"collection":[{"href":"https:\/\/hjartdalhistorielag.no\/index.php?rest_route=\/wp\/v2\/pages"}],"about":[{"href":"https:\/\/hjartdalhistorielag.no\/index.php?rest_route=\/wp\/v2\/types\/page"}],"author":[{"embeddable":true,"href":"https:\/\/hjartdalhistorielag.no\/index.php?rest_route=\/wp\/v2\/users\/1"}],"replies":[{"embeddable":true,"href":"https:\/\/hjartdalhistorielag.no\/index.php?rest_route=%2Fwp%2Fv2%2Fcomments&post=4"}],"version-history":[{"count":30,"href":"https:\/\/hjartdalhistorielag.no\/index.php?rest_route=\/wp\/v2\/pages\/4\/revisions"}],"predecessor-version":[{"id":1312,"href":"https:\/\/hjartdalhistorielag.no\/index.php?rest_route=\/wp\/v2\/pages\/4\/revisions\/1312"}],"wp:attachment":[{"href":"https:\/\/hjartdalhistorielag.no\/index.php?rest_route=%2Fwp%2Fv2%2Fmedia&parent=4"}],"curies":[{"name":"wp","href":"https:\/\/api.w.org\/{rel}","templated":true}]}}