{"id":264,"date":"2014-02-03T13:40:24","date_gmt":"2014-02-03T12:40:24","guid":{"rendered":"http:\/\/hjartdalhistorielag.no\/wp\/?page_id=264"},"modified":"2020-03-01T11:26:36","modified_gmt":"2020-03-01T10:26:36","slug":"vedtekter-for-hjartdal-historielag","status":"publish","type":"page","link":"https:\/\/hjartdalhistorielag.no\/?page_id=264","title":{"rendered":"Vedtekter for Hjartdal historielag"},"content":{"rendered":"<p><strong>Vedtekter for Hjartdal historielag<\/strong><\/p>\n<p><em>Vedtatt p\u00e5 \u00e5rsm\u00f8tet 2016<br \/>\nNy paragraf 8 vedtatt p\u00e5 \u00e5rsm\u00f8tet i 2017<br \/>\nTillegg til paragraf 2 og paragraf 5 vedtatt p\u00e5 \u00e5rsm\u00f8tet 2020<\/em><\/p>\n<ul>\n<li>1 &#8211; &nbsp;F\u00f8rem\u00e5l<\/li>\n<\/ul>\n<p>Hjartdal historielag skal ha til f\u00f8rem\u00e5l \u00e5 vekke, auke og spreie interessa for fortida til bygdene Hjartdal, Sauland og Tuddal. Laget skal legge vekt p\u00e5 at bygdehistoria blir sett i samanheng med annan historie og med dei samfunnstilh\u00f8va vi har i dag. Laget skal ta vare p\u00e5 lokalhistorisk &nbsp;kunnskap og materiale, og arbeide for vern av kulturminne.<\/p>\n<ul>\n<li>2 &#8211; Medlemskap<\/li>\n<\/ul>\n<p>Enkeltpersonar, ektefeller eller sambuarar og organisasjonar, kan l\u00f8yse medlemskap i Hjartdal historielag.<br \/>\nEktefeller eller sambuarar har begge stemmerett. Organisasjonar vel ein representant med stemmerett.<br \/>\nAlle har fulle medlemsrettar n\u00e5r medlemskontingent er betalt innan fristen. &nbsp;<br \/>\n\u00c6resmedlemmar har gratis medlemskap.<\/p>\n<ul>\n<li>3 &#8211; \u00c5rsm\u00f8tet<\/li>\n<\/ul>\n<p>\u00c5rsm\u00f8tet skal haldast kvart \u00e5r f\u00f8r 1.april og innkallast seinast 14 dagar f\u00f8r.<br \/>\nForslag skal vere hos styret seinast 1 veke f\u00f8r \u00e5rsm\u00f8tet.<br \/>\n\u00c5rsm\u00f8tet skal godkjenne styrets \u00e5rsmelding og \u00e5rsrekneskap, og velge styre med leiar og styremedlemmer.<br \/>\n\u00c5rsm\u00f8tet skal ogs\u00e5 velge varamedlemmer og valgkomite og utnemne ein revisor utanom styret.<br \/>\nAlle b\u00f8r velgast for 2 \u00e5r om gongen. Omlag halvparten av styret og omlag halvparten av valgkomiteen skal vere p\u00e5 valg p\u00e5 same tid.<br \/>\nMedlemskontingenten skal fastsettast av \u00e5rsm\u00f8tet.<\/p>\n<ul>\n<li>4 &#8211; Styret<\/li>\n<\/ul>\n<p>Styret b\u00f8r ha representantar fr\u00e5 ulike delar av kommunen, ulike aldersgrupper og begge kj\u00f8nn.<br \/>\nStyret konstituerer seg p\u00e5 fyrste styrem\u00f8te etter \u00e5rsm\u00f8tet.<br \/>\nStyret skal ha 6 medlemmer og 2 varamedlemmer.<br \/>\nMinst 4 styremedlemmer m\u00e5 vere til stades for at vedtak kan bli fatta. Leiaren har dobbelstemme ved likt stemmetal.<\/p>\n<ul>\n<li>5 &#8211; Styrets oppgaver<\/li>\n<\/ul>\n<p>Styret har ansvar for god aktivitet i laget, skal innkalle til m\u00f8te og halde medlemmene informert om arbeidet sitt.<br \/>\nStyret skal dokumentere aktiviteten i laget, f\u00f8re protokoll fr\u00e5 styrem\u00f8ta, arkivere viktige styrepapir, f\u00f8re \u00e5rsrekneskap og krevje inn medlemskontingenten.<br \/>\nStyret skal f\u00f8re rekneskap med kalender\u00e5ret som rekneskapsperiode. Laget kan drive med aktivitetar og prosjekt som kan gje laget rekneskapsmessige overskot. Desse overskota skal bli verande i laget, og g\u00e5 tilbake til lagets f\u00f8rem\u00e5l.<\/p>\n<ul>\n<li>6 &#8211; Andre organisasjonar<\/li>\n<\/ul>\n<p>Laget skal vere medlem av Landslaget for lokalhistorie, og der det er naturleg, samordne arbeidet sitt med Telemark historielag og andre lokale historielag.<\/p>\n<ul>\n<li>7 &#8211; Vedtektsendring<\/li>\n<\/ul>\n<p>Skal vedtektene endrast, m\u00e5 dette vedtakast p\u00e5 \u00e5rsm\u00f8te med 2\/3 fleirtal.<br \/>\nForslag til endringar m\u00e5 sendast via styret og gjerast kjent for medlemmene seinast 14 dagar f\u00f8r \u00e5rsm\u00f8tet.<\/p>\n<ul>\n<li>8 \u2013 Oppl\u00f8ysing<\/li>\n<\/ul>\n<p>Skal laget oppl\u00f8ysast, m\u00e5 dette vedtakast p\u00e5 \u00e5rsm\u00f8te med 2\/3 fleirtal.<br \/>\nForslag om oppl\u00f8ysing m\u00e5 sendast via styret og gjerast kjent for medlemmene seinast 1m\u00e5nad&nbsp; f\u00f8r \u00e5rsm\u00f8tet.<br \/>\nVedtaket m\u00e5 stadfestast av eit ekstraordin\u00e6rt \u00e5rsm\u00f8te og gjerast kjent for medlemmene seinast 1 m\u00e5nad f\u00f8r. Vedtaket m\u00e5 p\u00e5 nytt fattast med 2\/3 fleirtal og vere einaste sak p\u00e5 m\u00f8tet.<\/p>\n<p>Ved oppl\u00f8ysing skal Hjartdal kommune overta det som laget eig, og disponere dette etter r\u00e5df\u00f8ring med Norsk Industriarbeidermuseum og Landslaget for lokalhistorie.<\/p>\n<p>&nbsp;<\/p>\n","protected":false},"excerpt":{"rendered":"<p>Vedtekter for Hjartdal historielag Vedtatt p\u00e5 \u00e5rsm\u00f8tet 2016 Ny paragraf 8 vedtatt p\u00e5 \u00e5rsm\u00f8tet i 2017 Tillegg til paragraf 2 og paragraf 5 vedtatt p\u00e5 \u00e5rsm\u00f8tet 2020 1 &#8211; &nbsp;F\u00f8rem\u00e5l Hjartdal historielag skal ha til f\u00f8rem\u00e5l \u00e5 vekke, auke og spreie interessa for fortida til bygdene Hjartdal, Sauland og Tuddal. Laget skal legge vekt p\u00e5 &hellip; <a href=\"https:\/\/hjartdalhistorielag.no\/?page_id=264\" class=\"more-link\">Fortsett \u00e5 lese <span class=\"screen-reader-text\">Vedtekter for Hjartdal historielag<\/span> <span class=\"meta-nav\">&rarr;<\/span><\/a><\/p>\n","protected":false},"author":1,"featured_media":0,"parent":0,"menu_order":0,"comment_status":"closed","ping_status":"closed","template":"","meta":{"footnotes":""},"class_list":["post-264","page","type-page","status-publish","hentry"],"_links":{"self":[{"href":"https:\/\/hjartdalhistorielag.no\/index.php?rest_route=\/wp\/v2\/pages\/264","targetHints":{"allow":["GET"]}}],"collection":[{"href":"https:\/\/hjartdalhistorielag.no\/index.php?rest_route=\/wp\/v2\/pages"}],"about":[{"href":"https:\/\/hjartdalhistorielag.no\/index.php?rest_route=\/wp\/v2\/types\/page"}],"author":[{"embeddable":true,"href":"https:\/\/hjartdalhistorielag.no\/index.php?rest_route=\/wp\/v2\/users\/1"}],"replies":[{"embeddable":true,"href":"https:\/\/hjartdalhistorielag.no\/index.php?rest_route=%2Fwp%2Fv2%2Fcomments&post=264"}],"version-history":[{"count":8,"href":"https:\/\/hjartdalhistorielag.no\/index.php?rest_route=\/wp\/v2\/pages\/264\/revisions"}],"predecessor-version":[{"id":1163,"href":"https:\/\/hjartdalhistorielag.no\/index.php?rest_route=\/wp\/v2\/pages\/264\/revisions\/1163"}],"wp:attachment":[{"href":"https:\/\/hjartdalhistorielag.no\/index.php?rest_route=%2Fwp%2Fv2%2Fmedia&parent=264"}],"curies":[{"name":"wp","href":"https:\/\/api.w.org\/{rel}","templated":true}]}}