{"id":246,"date":"2014-02-03T11:55:51","date_gmt":"2014-02-03T10:55:51","guid":{"rendered":"http:\/\/hjartdalhistorielag.no\/wp\/?page_id=246"},"modified":"2014-03-05T00:08:34","modified_gmt":"2014-03-04T23:08:34","slug":"andre-publikasjonar","status":"publish","type":"page","link":"https:\/\/hjartdalhistorielag.no\/?page_id=246","title":{"rendered":"Andre publikasjonar fr\u00e5 HHL"},"content":{"rendered":"<h2><a href=\"https:\/\/hjartdalhistorielag.no\/wp\/wp-content\/uploads\/2014\/02\/skrifte_paa_veggen_front.jpg\"><img loading=\"lazy\" decoding=\"async\" class=\"size-medium wp-image-306 alignleft\" style=\"border: 1px solid black;\" alt=\"skriften_paa_veggen_front\" src=\"https:\/\/hjartdalhistorielag.no\/wp\/wp-content\/uploads\/2014\/02\/skrifte_paa_veggen_front-200x300.jpg\" width=\"200\" height=\"300\" srcset=\"https:\/\/hjartdalhistorielag.no\/wp\/wp-content\/uploads\/2014\/02\/skrifte_paa_veggen_front-200x300.jpg 200w, https:\/\/hjartdalhistorielag.no\/wp\/wp-content\/uploads\/2014\/02\/skrifte_paa_veggen_front.jpg 564w\" sizes=\"auto, (max-width: 200px) 100vw, 200px\" \/><\/a>&laquo;Skriften p\u00e5 veggen&raquo;<\/h2>\n<p>Ei samla framstilling om krig og\u00a0 motstandsarbeid i \u00d8vre Telemark 1940-1945.<\/p>\n<p>\u201cSkriften p\u00e5 veggen\u201d var s\u00e6rmeldinga fr\u00e5 BBC som varsla at eit flyslepp var p\u00e5 veg fr\u00e5 England til Hjartdalsfjella. Symbolikken i uttrykket er henta fr\u00e5 Bibelen og er eit varsel om at noko vil skje. Dette karakteriserer ogs\u00e5 nazistanes frammarsj i 1930-\u00e5ra. Mange oppdaga ikkje nazismens sanne ansikt f\u00f8r det var for seint.<\/p>\n<p>Det same uttrykket blei ogs\u00e5 nytta under krigen som einaste \u00e5tvaringa fr\u00e5 motstandsr\u00f8rsla\u00a0 til lokale nazistar som dreiv med angiveri.<\/p>\n<p>Det var med glede Hjartdal historielag for fyrste gong kunne presentere ei bok. Kva var vel meir naturleg i 1995 enn \u00e5 presentere historia om okkupasjonen sett fr\u00e5 Hjartdal? N\u00e5r vi s\u00e5 mellom medlemmene hadde initiativtakaren og forfattaren av boka, Svein Vetle Trae, s\u00e5 var det ingen grunn til \u00e5 la denne anledningen g\u00e5 fr\u00e5 seg, men \u00e5 f\u00e5 historien ned p\u00e5 papiret for ettertida.<\/p>\n<p>Boka er p\u00e5 over 280 sider og har bra med foto og illustrasjonar. Ho skil seg fr\u00e5 dei fleste liknande b\u00f8ker ved at absolutt\u00a0st\u00f8rstedelen av stoffet er fortalt med eigne ord av folk som p\u00e5 ein eller annan m\u00e5te var knytt til hendingane. Traes hovudarbeid har vore \u00e5 gjere intervju med over 50 personar! for s\u00e5 \u00e5 knyte samman denne veldige stoffmengda til ei systematisk framstilling om krigen og okkupasjons\u00e5ra.\u00a0Mange \u00e5rs engasjement i stoffet ligg bak arbeidet.<\/p>\n<p>Vi vil presisere at dette er boka om motstandsarbeidet i \u00d8vre Telemark &#8211; sett fr\u00e5 Hjartdal. Motstandsarbeidet i bygdene v\u00e5re var ein del av mykje st\u00f8rre opplegg. Geografisk ligg vi mellom viktige krigshistoriske stader som Vinje, Rjukan og Notodden\/Kongsberg. Dette gjer at utgangspunktet Hjartdal vil skaffe lesaren ein sv\u00e6rt god oversikt over kva som eigentleg skjedde i \u00d8vre Telemark i desse tunge og dramatiske \u00e5ra. N\u00e5 er det f\u00f8rst og fremst den milit\u00e6re delen av historia som det er lagt vekt p\u00e5. Motstandsarbeidet til Milorg tek mest plass, men sj\u00f8lvsagt er dette sett i samanheng med den krigskvardagen som dei eldste i dag nok vil kjenne att.<\/p>\n<p>Boka blei utgjeven i samband med frigjeringsjubileet 1945-1995 i Hjartdal kommune<\/p>\n<p>&nbsp;<\/p>\n<h2><a href=\"https:\/\/hjartdalhistorielag.no\/wp\/wp-content\/uploads\/2014\/02\/skog_og_skogbruk_front.jpg\"><img loading=\"lazy\" decoding=\"async\" width=\"209\" height=\"300\" class=\" wp-image-314 alignleft\" style=\"border: 1px solid black;\" alt=\"skog_og_skogbruk_front\" src=\"https:\/\/hjartdalhistorielag.no\/wp\/wp-content\/uploads\/2014\/02\/skog_og_skogbruk_front-209x300.jpg\" srcset=\"https:\/\/hjartdalhistorielag.no\/wp\/wp-content\/uploads\/2014\/02\/skog_og_skogbruk_front-209x300.jpg 209w, https:\/\/hjartdalhistorielag.no\/wp\/wp-content\/uploads\/2014\/02\/skog_og_skogbruk_front-714x1024.jpg 714w, https:\/\/hjartdalhistorielag.no\/wp\/wp-content\/uploads\/2014\/02\/skog_og_skogbruk_front.jpg 1505w\" sizes=\"auto, (max-width: 209px) 100vw, 209px\" \/><\/a>Skog og skogbruk i Hjartdalsbygdene<\/h2>\n<p>Hjartdal skogeierlag markerte 100-\u00e5rsjubileet for organisert skogbruk i hjartdalsbygdene\u00a0i 2012. Dette var ein fin anledning for eit grundig tilbakeblikk p\u00e5 kva\u00a0skogen har hatt \u00e5 seie for bygdene v\u00e5re, ikkje berre desse siste 100 \u00e5ra, men s\u00e5 langt attende som det er historiske teikn \u00e5 finne.<\/p>\n<p>Det st\u00e5r framleis hus i Hjartdal med spor attende til 1200-talet. Dette\u00a0tyder p\u00e5 at folket alltid har visst \u00e5 nytte og \u00e5 setje pris p\u00e5 skog og trevirke som ressurs. Om mykje av inntektene av skogen har forsvunne ut av bygdene gjennom tidene, har skogen vore ei viktig inntektskjelde for skogsarbeidarar og skogeigarar i hundrevis av \u00e5r.<\/p>\n<p>Historia i boka femner b\u00e5de om dei store linene, og dei n\u00e6re og sm\u00e5<br \/>\ndetaljane i dagleglivet til dei som har hatt sitt virke i skog og skogn\u00e6ring gjennom tidene.<\/p>\n<p>Hjartdal historielag blei spurt av Hjartdal Skogeierlag om dei kunne st\u00e5 for ei jubileumsbok. Dette oppdraget tok eit par aktive medlemmer p\u00e5 seg. Boka er skriven av Torkel Hytta, og redigert og utforma av Leif Skoje.<\/p>\n<p>Ansvarleg utgjevar er Hjartdal skogeierlag. Boka kan skaffast b\u00e5de fr\u00e5 skogeierlaget og historielaget.<\/p>\n<p><span style=\"font-size: 13px;\">\u00a0<\/span><\/p>\n<h2><a href=\"https:\/\/hjartdalhistorielag.no\/wp\/wp-content\/uploads\/2014\/02\/for_at_finde_front.jpg\"><img loading=\"lazy\" decoding=\"async\" class=\"size-medium wp-image-305 alignleft\" style=\"border: 1px solid black;\" alt=\"for_at_finde_front\" src=\"https:\/\/hjartdalhistorielag.no\/wp\/wp-content\/uploads\/2014\/02\/for_at_finde_front-209x300.jpg\" width=\"209\" height=\"300\" srcset=\"https:\/\/hjartdalhistorielag.no\/wp\/wp-content\/uploads\/2014\/02\/for_at_finde_front-209x300.jpg 209w, https:\/\/hjartdalhistorielag.no\/wp\/wp-content\/uploads\/2014\/02\/for_at_finde_front.jpg 564w\" sizes=\"auto, (max-width: 209px) 100vw, 209px\" \/><\/a>&laquo;<a href=\"https:\/\/hjartdalhistorielag.no\/innhold2\/fafebs.pdf\">&#8230;for at finde en blidere skjebne<\/a>&laquo;<\/h2>\n<p>I 1989 markerte Hjartdal kommune at det var 150 \u00e5r sidan dei f\u00f8rste utvandrarane reiste til Amerika. Mellom anna blei boka &laquo;&#8230;for at finde en blidere Skjebne&raquo; utgitt. Forfattarar var Anne Haugen Wagn og Leif Skoje.<br \/>\nBoka er illustrert, bl.a. med fleire teikningar av Svein Grue Carlsen<\/p>\n<p>Boka blei eigentleg til f\u00f8r Hjartdal historielag eksisterte, men utgjevinga og utvandrarjubileet var viktige steg i arbeidet mot opprettinga av laget. Og forfattarane var sentrale i etableringa.<\/p>\n<p><span style=\"font-family: 'Helvetica Neue', Helvetica, Arial, sans-serif; font-size: 13px; font-style: normal;\">Det finst fraleis nokre f\u00e5 eksemplar hos Hjartdal historielag.<\/span><\/p>\n<p>&nbsp;<\/p>\n<p>&nbsp;<\/p>\n<p><span style=\"font-size: 13px;\">\u00a0<\/span><\/p>\n<h2><a href=\"https:\/\/hjartdalhistorielag.no\/wp\/wp-content\/uploads\/2014\/02\/turkart_front.jpg\"><img loading=\"lazy\" decoding=\"async\" class=\"size-medium wp-image-313 alignleft\" style=\"border: 1px solid black;\" alt=\"turkart_front\" src=\"https:\/\/hjartdalhistorielag.no\/wp\/wp-content\/uploads\/2014\/02\/turkart_front-167x300.jpg\" width=\"167\" height=\"300\" srcset=\"https:\/\/hjartdalhistorielag.no\/wp\/wp-content\/uploads\/2014\/02\/turkart_front-167x300.jpg 167w, https:\/\/hjartdalhistorielag.no\/wp\/wp-content\/uploads\/2014\/02\/turkart_front-572x1024.jpg 572w, https:\/\/hjartdalhistorielag.no\/wp\/wp-content\/uploads\/2014\/02\/turkart_front.jpg 1137w\" sizes=\"auto, (max-width: 167px) 100vw, 167px\" \/><\/a>Turkart Sauland<\/h2>\n<p>Turkartet der vi har samla sv\u00e6rt mange lokale stadnamn fr\u00e5 saulandsomr\u00e5det var ferdig i 2011. Vi vil sj\u00f8lvsagt selje mange eksemplar, og kan anbefale medlemmer og andre \u00e5 kj\u00f8pe kartet. Ikkje minst kan det v\u00e6re ei grei gave til utflytta saulendingar, anten dei tenker seg p\u00e5 tur i Sauland eller berre vil \u201dreise\u201d p\u00e5 kartet.<\/p>\n<p>Du f\u00e5r kj\u00f8pt kartet p\u00e5 bensinstasjonen i Sauland, i banken og i bokhandel.\u00a0Prisen er 100 kr<\/p>\n<p>&nbsp;<\/p>\n<p>&nbsp;<\/p>\n<p>&nbsp;<\/p>\n<p>&nbsp;<\/p>\n<p>&nbsp;<\/p>\n<p>&nbsp;<\/p>\n<p>&nbsp;<\/p>\n<p>_<\/p>\n<p>&nbsp;<\/p>\n","protected":false},"excerpt":{"rendered":"<p>&laquo;Skriften p\u00e5 veggen&raquo; Ei samla framstilling om krig og\u00a0 motstandsarbeid i \u00d8vre Telemark 1940-1945. \u201cSkriften p\u00e5 veggen\u201d var s\u00e6rmeldinga fr\u00e5 BBC som varsla at eit flyslepp var p\u00e5 veg fr\u00e5 England til Hjartdalsfjella. Symbolikken i uttrykket er henta fr\u00e5 Bibelen og er eit varsel om at noko vil skje. Dette karakteriserer ogs\u00e5 nazistanes frammarsj i &hellip; <a href=\"https:\/\/hjartdalhistorielag.no\/?page_id=246\" class=\"more-link\">Fortsett \u00e5 lese <span class=\"screen-reader-text\">Andre publikasjonar fr\u00e5 HHL<\/span> <span class=\"meta-nav\">&rarr;<\/span><\/a><\/p>\n","protected":false},"author":1,"featured_media":0,"parent":235,"menu_order":0,"comment_status":"closed","ping_status":"closed","template":"","meta":{"footnotes":""},"class_list":["post-246","page","type-page","status-publish","hentry"],"_links":{"self":[{"href":"https:\/\/hjartdalhistorielag.no\/index.php?rest_route=\/wp\/v2\/pages\/246","targetHints":{"allow":["GET"]}}],"collection":[{"href":"https:\/\/hjartdalhistorielag.no\/index.php?rest_route=\/wp\/v2\/pages"}],"about":[{"href":"https:\/\/hjartdalhistorielag.no\/index.php?rest_route=\/wp\/v2\/types\/page"}],"author":[{"embeddable":true,"href":"https:\/\/hjartdalhistorielag.no\/index.php?rest_route=\/wp\/v2\/users\/1"}],"replies":[{"embeddable":true,"href":"https:\/\/hjartdalhistorielag.no\/index.php?rest_route=%2Fwp%2Fv2%2Fcomments&post=246"}],"version-history":[{"count":21,"href":"https:\/\/hjartdalhistorielag.no\/index.php?rest_route=\/wp\/v2\/pages\/246\/revisions"}],"predecessor-version":[{"id":521,"href":"https:\/\/hjartdalhistorielag.no\/index.php?rest_route=\/wp\/v2\/pages\/246\/revisions\/521"}],"up":[{"embeddable":true,"href":"https:\/\/hjartdalhistorielag.no\/index.php?rest_route=\/wp\/v2\/pages\/235"}],"wp:attachment":[{"href":"https:\/\/hjartdalhistorielag.no\/index.php?rest_route=%2Fwp%2Fv2%2Fmedia&parent=246"}],"curies":[{"name":"wp","href":"https:\/\/api.w.org\/{rel}","templated":true}]}}